{"id":1419,"date":"2016-02-12T08:12:49","date_gmt":"2016-02-12T08:12:49","guid":{"rendered":"http:\/\/demos.famethemes.com\/onepress\/?page_id=23"},"modified":"2026-02-23T20:02:13","modified_gmt":"2026-02-23T19:02:13","slug":"service-title-1","status":"publish","type":"page","link":"https:\/\/westml-innovation.com\/en\/service-title-1\/","title":{"rendered":"GOVERNANCE &amp; STRATEGY"},"content":{"rendered":"<div data-elementor-type=\"wp-page\" data-elementor-id=\"1419\" class=\"elementor elementor-1419\">\n\t\t\t\t\t\t\t\t\t<section class=\"elementor-section elementor-top-section elementor-element elementor-element-f7a10f7 elementor-section-boxed elementor-section-height-default elementor-section-height-default\" data-id=\"f7a10f7\" data-element_type=\"section\">\n\t\t\t\t\t\t<div class=\"elementor-container elementor-column-gap-default\">\n\t\t\t\t\t<div class=\"elementor-column elementor-col-50 elementor-top-column elementor-element elementor-element-650af57\" data-id=\"650af57\" data-element_type=\"column\">\n\t\t\t<div class=\"elementor-widget-wrap elementor-element-populated\">\n\t\t\t\t\t\t\t\t<div class=\"elementor-element elementor-element-047164c animated-slow elementor-invisible elementor-widget elementor-widget-text-editor\" data-id=\"047164c\" data-element_type=\"widget\" data-settings=\"{&quot;_animation&quot;:&quot;fadeInLeft&quot;}\" data-widget_type=\"text-editor.default\">\n\t\t\t\t<div class=\"elementor-widget-container\">\n\t\t\t<style>\/*! elementor - v3.12.0 - 29-03-2023 *\/\n.elementor-widget-text-editor.elementor-drop-cap-view-stacked .elementor-drop-cap{background-color:#69727d;color:#fff}.elementor-widget-text-editor.elementor-drop-cap-view-framed .elementor-drop-cap{color:#69727d;border:3px solid;background-color:transparent}.elementor-widget-text-editor:not(.elementor-drop-cap-view-default) .elementor-drop-cap{margin-top:8px}.elementor-widget-text-editor:not(.elementor-drop-cap-view-default) .elementor-drop-cap-letter{width:1em;height:1em}.elementor-widget-text-editor .elementor-drop-cap{float:left;text-align:center;line-height:1;font-size:50px}.elementor-widget-text-editor .elementor-drop-cap-letter{display:inline-block}<\/style>\t\t\t\t<pre><span style=\"color: #000080;\"><b>Governance<\/b><\/span><\/pre><ul><li><span style=\"color: #000000;\">Strategic governance consulting for executives and directors of organizations ( SME, NPO, government-owned corporation, cooperative )<\/span><\/li><li><span style=\"color: #000000;\">Implementation and performance evaluation of your Board - as well as the provision of Non-Executive Directorship services\u00a0<\/span><\/li><li><span style=\"color: #000000;\">Professional support in local economic development<\/span><\/li><li><span style=\"color: #000000;\">Elaboration of business plans, strategic plans, policies, by-laws and committee charters<\/span><\/li><\/ul><pre><span style=\"color: #000080;\"><b>International Growth<\/b><\/span><\/pre><ul><li><span style=\"color: #000000;\">Providing support to companies in their <\/span><span style=\"color: #000080;\">expansion projects and access to African markets<\/span><span style=\"color: #000000;\"> ( public policy analysis, stakeholder mapping, networking with decision-makers, and permanent on-site representation services )<\/span><\/li><\/ul><p><!-- \/wp:list-item --><\/p><p><!-- \/wp:list --><\/p>\t\t\t\t\t\t<\/div>\n\t\t\t\t<\/div>\n\t\t\t\t\t<\/div>\n\t\t<\/div>\n\t\t\t\t<div class=\"elementor-column elementor-col-50 elementor-top-column elementor-element elementor-element-361f694\" data-id=\"361f694\" data-element_type=\"column\">\n\t\t\t<div class=\"elementor-widget-wrap elementor-element-populated\">\n\t\t\t\t\t\t\t\t<div class=\"elementor-element elementor-element-f706f68 animated-slow elementor-invisible elementor-widget elementor-widget-image\" data-id=\"f706f68\" data-element_type=\"widget\" data-settings=\"{&quot;_animation&quot;:&quot;fadeInRight&quot;}\" data-widget_type=\"image.default\">\n\t\t\t\t<div class=\"elementor-widget-container\">\n\t\t\t<style>\/*! elementor - v3.12.0 - 29-03-2023 *\/\n.elementor-widget-image{text-align:center}.elementor-widget-image a{display:inline-block}.elementor-widget-image a img[src$=\".svg\"]{width:48px}.elementor-widget-image img{vertical-align:middle;display:inline-block}<\/style>\t\t\t\t\t\t\t\t\t\t\t\t<img loading=\"lazy\" decoding=\"async\" width=\"2560\" height=\"1440\" src=\"https:\/\/westml-innovation.com\/wp-content\/uploads\/2025\/08\/40-scaled.png\" class=\"attachment-full size-full wp-image-4812\" alt=\"\" srcset=\"https:\/\/westml-innovation.com\/wp-content\/uploads\/2025\/08\/40-scaled.png 2560w, https:\/\/westml-innovation.com\/wp-content\/uploads\/2025\/08\/40-300x169.png 300w, https:\/\/westml-innovation.com\/wp-content\/uploads\/2025\/08\/40-1024x576.png 1024w, https:\/\/westml-innovation.com\/wp-content\/uploads\/2025\/08\/40-768x432.png 768w, https:\/\/westml-innovation.com\/wp-content\/uploads\/2025\/08\/40-1536x864.png 1536w, https:\/\/westml-innovation.com\/wp-content\/uploads\/2025\/08\/40-2048x1152.png 2048w, https:\/\/westml-innovation.com\/wp-content\/uploads\/2025\/08\/40-18x10.png 18w\" sizes=\"auto, (max-width: 2560px) 100vw, 2560px\" \/>\t\t\t\t\t\t\t\t\t\t\t\t\t\t\t<\/div>\n\t\t\t\t<\/div>\n\t\t\t\t<div class=\"elementor-element elementor-element-f328176 animated-slow elementor-invisible elementor-widget elementor-widget-image\" data-id=\"f328176\" data-element_type=\"widget\" data-settings=\"{&quot;_animation&quot;:&quot;fadeInRight&quot;}\" data-widget_type=\"image.default\">\n\t\t\t\t<div class=\"elementor-widget-container\">\n\t\t\t\t\t\t\t\t\t\t\t\t\t\t\t<img loading=\"lazy\" decoding=\"async\" width=\"800\" height=\"450\" src=\"https:\/\/westml-innovation.com\/wp-content\/uploads\/2025\/08\/42-1024x576.png\" class=\"attachment-large size-large wp-image-4844\" alt=\"\" srcset=\"https:\/\/westml-innovation.com\/wp-content\/uploads\/2025\/08\/42-1024x576.png 1024w, https:\/\/westml-innovation.com\/wp-content\/uploads\/2025\/08\/42-300x169.png 300w, https:\/\/westml-innovation.com\/wp-content\/uploads\/2025\/08\/42-768x432.png 768w, https:\/\/westml-innovation.com\/wp-content\/uploads\/2025\/08\/42-1536x864.png 1536w, https:\/\/westml-innovation.com\/wp-content\/uploads\/2025\/08\/42-18x10.png 18w, https:\/\/westml-innovation.com\/wp-content\/uploads\/2025\/08\/42.png 1920w\" sizes=\"auto, (max-width: 800px) 100vw, 800px\" \/>\t\t\t\t\t\t\t\t\t\t\t\t\t\t\t<\/div>\n\t\t\t\t<\/div>\n\t\t\t\t\t<\/div>\n\t\t<\/div>\n\t\t\t\t\t\t\t<\/div>\n\t\t<\/section>\n\t\t\t\t<section class=\"elementor-section elementor-top-section elementor-element elementor-element-988cea2 elementor-section-boxed elementor-section-height-default elementor-section-height-default elementor-invisible\" data-id=\"988cea2\" data-element_type=\"section\" data-settings=\"{&quot;animation&quot;:&quot;fadeInUp&quot;}\">\n\t\t\t\t\t\t<div class=\"elementor-container elementor-column-gap-default\">\n\t\t\t\t\t<div class=\"elementor-column elementor-col-50 elementor-top-column elementor-element elementor-element-bbdf028\" data-id=\"bbdf028\" data-element_type=\"column\">\n\t\t\t<div class=\"elementor-widget-wrap elementor-element-populated\">\n\t\t\t\t\t\t\t\t<div class=\"elementor-element elementor-element-7cb9ab5 animated-slow elementor-invisible elementor-widget elementor-widget-image\" data-id=\"7cb9ab5\" data-element_type=\"widget\" data-settings=\"{&quot;_animation&quot;:&quot;fadeInUp&quot;}\" data-widget_type=\"image.default\">\n\t\t\t\t<div class=\"elementor-widget-container\">\n\t\t\t\t\t\t\t\t\t\t\t\t\t\t\t<img decoding=\"async\" src=\"https:\/\/westml-innovation.com\/wp-content\/uploads\/elementor\/thumbs\/9-q481b3p4io763gg7qw8uge460ka4tmznteg51tuuj4.png\" title=\"9\" alt=\"9\" loading=\"lazy\" \/>\t\t\t\t\t\t\t\t\t\t\t\t\t\t\t<\/div>\n\t\t\t\t<\/div>\n\t\t\t\t\t<\/div>\n\t\t<\/div>\n\t\t\t\t<div class=\"elementor-column elementor-col-50 elementor-top-column elementor-element elementor-element-041e8fe\" data-id=\"041e8fe\" data-element_type=\"column\">\n\t\t\t<div class=\"elementor-widget-wrap elementor-element-populated\">\n\t\t\t\t\t\t\t\t<div class=\"elementor-element elementor-element-27c33ea animated-slow elementor-invisible elementor-widget elementor-widget-image\" data-id=\"27c33ea\" data-element_type=\"widget\" data-settings=\"{&quot;_animation&quot;:&quot;fadeInUp&quot;}\" data-widget_type=\"image.default\">\n\t\t\t\t<div class=\"elementor-widget-container\">\n\t\t\t\t\t\t\t\t\t\t\t\t\t\t\t<img decoding=\"async\" src=\"https:\/\/westml-innovation.com\/wp-content\/uploads\/elementor\/thumbs\/2-q4819xedz4l9l05nlvymu6sfa82m79bqnl3agdlkb4.png\" title=\"2\" alt=\"2\" loading=\"lazy\" \/>\t\t\t\t\t\t\t\t\t\t\t\t\t\t\t<\/div>\n\t\t\t\t<\/div>\n\t\t\t\t\t<\/div>\n\t\t<\/div>\n\t\t\t\t\t\t\t<\/div>\n\t\t<\/section>\n\t\t\t\t\t\t\t<\/div>","protected":false},"excerpt":{"rendered":"<p>Nous vous accompagnons \u00e0 travers des services r\u00e9pondant pleinement \u00e0 vos enjeux strat\u00e9giques, juridiques et fiscaux.<\/p>","protected":false},"author":2,"featured_media":0,"parent":0,"menu_order":0,"comment_status":"closed","ping_status":"closed","template":"template-fullwidth-stretched.php","meta":{"footnotes":""},"class_list":["post-1419","page","type-page","status-publish","hentry"],"_links":{"self":[{"href":"https:\/\/westml-innovation.com\/en\/wp-json\/wp\/v2\/pages\/1419","targetHints":{"allow":["GET"]}}],"collection":[{"href":"https:\/\/westml-innovation.com\/en\/wp-json\/wp\/v2\/pages"}],"about":[{"href":"https:\/\/westml-innovation.com\/en\/wp-json\/wp\/v2\/types\/page"}],"author":[{"embeddable":true,"href":"https:\/\/westml-innovation.com\/en\/wp-json\/wp\/v2\/users\/2"}],"replies":[{"embeddable":true,"href":"https:\/\/westml-innovation.com\/en\/wp-json\/wp\/v2\/comments?post=1419"}],"version-history":[{"count":276,"href":"https:\/\/westml-innovation.com\/en\/wp-json\/wp\/v2\/pages\/1419\/revisions"}],"predecessor-version":[{"id":5026,"href":"https:\/\/westml-innovation.com\/en\/wp-json\/wp\/v2\/pages\/1419\/revisions\/5026"}],"wp:attachment":[{"href":"https:\/\/westml-innovation.com\/en\/wp-json\/wp\/v2\/media?parent=1419"}],"curies":[{"name":"wp","href":"https:\/\/api.w.org\/{rel}","templated":true}]}}