{"id":1420,"date":"2016-02-12T08:13:06","date_gmt":"2016-02-12T08:13:06","guid":{"rendered":"http:\/\/demos.famethemes.com\/onepress\/?page_id=24"},"modified":"2025-08-07T19:27:57","modified_gmt":"2025-08-07T17:27:57","slug":"service-title-2","status":"publish","type":"page","link":"https:\/\/westml-innovation.com\/en\/service-title-2\/","title":{"rendered":"BIOMEDICAL &amp; PUBLIC  HEALTH"},"content":{"rendered":"<div data-elementor-type=\"wp-page\" data-elementor-id=\"1420\" class=\"elementor elementor-1420\">\n\t\t\t\t\t\t\t\t\t<section class=\"elementor-section elementor-top-section elementor-element elementor-element-aae4be9 elementor-section-boxed elementor-section-height-default elementor-section-height-default\" data-id=\"aae4be9\" data-element_type=\"section\">\n\t\t\t\t\t\t<div class=\"elementor-container elementor-column-gap-default\">\n\t\t\t\t\t<div class=\"elementor-column elementor-col-50 elementor-top-column elementor-element elementor-element-ff509ca\" data-id=\"ff509ca\" data-element_type=\"column\">\n\t\t\t<div class=\"elementor-widget-wrap elementor-element-populated\">\n\t\t\t\t\t\t\t\t<div class=\"elementor-element elementor-element-1945f23c animated-slow elementor-invisible elementor-widget elementor-widget-text-editor\" data-id=\"1945f23c\" data-element_type=\"widget\" data-settings=\"{&quot;_animation&quot;:&quot;fadeInLeft&quot;}\" data-widget_type=\"text-editor.default\">\n\t\t\t\t<div class=\"elementor-widget-container\">\n\t\t\t<style>\/*! elementor - v3.12.0 - 29-03-2023 *\/\n.elementor-widget-text-editor.elementor-drop-cap-view-stacked .elementor-drop-cap{background-color:#69727d;color:#fff}.elementor-widget-text-editor.elementor-drop-cap-view-framed .elementor-drop-cap{color:#69727d;border:3px solid;background-color:transparent}.elementor-widget-text-editor:not(.elementor-drop-cap-view-default) .elementor-drop-cap{margin-top:8px}.elementor-widget-text-editor:not(.elementor-drop-cap-view-default) .elementor-drop-cap-letter{width:1em;height:1em}.elementor-widget-text-editor .elementor-drop-cap{float:left;text-align:center;line-height:1;font-size:50px}.elementor-widget-text-editor .elementor-drop-cap-letter{display:inline-block}<\/style>\t\t\t\t<pre><span style=\"color: #003366;\"><strong><span style=\"color: #000080;\">Brand Representation &amp; Equipment Distribution<\/span> <\/strong><\/span><\/pre>\n<p><!-- \/wp:list-item --><\/p>\n<p><!-- wp:list-item --><\/p>\n<ul>\n<li><span style=\"color: #000000;\">Laboratory <span style=\"color: #000080;\">equipment, consumables, reagents and accessories<\/span><\/span><\/li>\n<li><span style=\"color: #000000;\">Medical imaging <span style=\"color: #000080;\">equipment and consumables<\/span><\/span><\/li>\n<li><span style=\"color: #000000;\">Medical equipment, instruments and consumables<\/span><\/li>\n<\/ul>\n<pre><span style=\"color: #000080;\"><strong>Pharmacoeconomics consultancy<\/strong><\/span><\/pre>\n<p><!-- \/wp:list-item --><\/p>\n<p><!-- wp:list-item --><\/p>\n<ul>\n<li><span style=\"color: #000000;\"><span style=\"color: #000080;\">Pharmacoeconomic study<\/span> (cost-effectiveness, cost-utility, cost-consequence, cost-minimization)<\/span><\/li>\n<li><span style=\"color: #000000;\">Turnkey organization of <span style=\"color: #000080;\">advisory boards<\/span><\/span><\/li>\n<li><span style=\"color: #000000;\">Strategic review for <span style=\"color: #000080;\">drug or technology<\/span> reimbursement claim<\/span><\/li>\n<li><span style=\"color: #000000;\"><span style=\"color: #000080;\">Strategic preparation<\/span> - communication and presentation of documents to payers or drug or technology assessment agencies<\/span><\/li>\n<li><span style=\"color: #000000;\"><span style=\"color: #000080;\">Development<\/span> of strategic plans and negotiation of clinical and economic risk-sharing and registration agreements<\/span><\/li>\n<\/ul>\n<p><!-- \/wp:list-item --><\/p>\n<p><!-- \/wp:list --><\/p>\t\t\t\t\t\t<\/div>\n\t\t\t\t<\/div>\n\t\t\t\t\t<\/div>\n\t\t<\/div>\n\t\t\t\t<div class=\"elementor-column elementor-col-50 elementor-top-column elementor-element elementor-element-6299119 elementor-invisible\" data-id=\"6299119\" data-element_type=\"column\" data-settings=\"{&quot;animation&quot;:&quot;fadeInRight&quot;}\">\n\t\t\t<div class=\"elementor-widget-wrap elementor-element-populated\">\n\t\t\t\t\t\t\t\t<div class=\"elementor-element elementor-element-f34c8bc animated-slow elementor-invisible elementor-widget elementor-widget-image\" data-id=\"f34c8bc\" data-element_type=\"widget\" data-settings=\"{&quot;_animation&quot;:&quot;fadeInRight&quot;}\" data-widget_type=\"image.default\">\n\t\t\t\t<div class=\"elementor-widget-container\">\n\t\t\t<style>\/*! elementor - v3.12.0 - 29-03-2023 *\/\n.elementor-widget-image{text-align:center}.elementor-widget-image a{display:inline-block}.elementor-widget-image a img[src$=\".svg\"]{width:48px}.elementor-widget-image img{vertical-align:middle;display:inline-block}<\/style>\t\t\t\t\t\t\t\t\t\t\t\t<img loading=\"lazy\" decoding=\"async\" width=\"800\" height=\"530\" src=\"https:\/\/westml-innovation.com\/wp-content\/uploads\/2024\/10\/4-3-1024x678.png\" class=\"attachment-large size-large wp-image-2378\" alt=\"\" srcset=\"https:\/\/westml-innovation.com\/wp-content\/uploads\/2024\/10\/4-3-1024x678.png 1024w, https:\/\/westml-innovation.com\/wp-content\/uploads\/2024\/10\/4-3-300x199.png 300w, https:\/\/westml-innovation.com\/wp-content\/uploads\/2024\/10\/4-3-768x508.png 768w, https:\/\/westml-innovation.com\/wp-content\/uploads\/2024\/10\/4-3-1536x1017.png 1536w, https:\/\/westml-innovation.com\/wp-content\/uploads\/2024\/10\/4-3-2048x1356.png 2048w\" sizes=\"auto, (max-width: 800px) 100vw, 800px\" \/>\t\t\t\t\t\t\t\t\t\t\t\t\t\t\t<\/div>\n\t\t\t\t<\/div>\n\t\t\t\t<div class=\"elementor-element elementor-element-2c8b2bb animated-slow elementor-invisible elementor-widget elementor-widget-image\" data-id=\"2c8b2bb\" data-element_type=\"widget\" data-settings=\"{&quot;_animation&quot;:&quot;fadeInRight&quot;}\" data-widget_type=\"image.default\">\n\t\t\t\t<div class=\"elementor-widget-container\">\n\t\t\t\t\t\t\t\t\t\t\t\t\t\t\t<img decoding=\"async\" src=\"https:\/\/westml-innovation.com\/wp-content\/uploads\/elementor\/thumbs\/3-qvzswasosw8wk92ja99mkma7bzzyire7lztok6ynok.png\" title=\"3\" alt=\"3\" loading=\"lazy\" \/>\t\t\t\t\t\t\t\t\t\t\t\t\t\t\t<\/div>\n\t\t\t\t<\/div>\n\t\t\t\t\t<\/div>\n\t\t<\/div>\n\t\t\t\t\t\t\t<\/div>\n\t\t<\/section>\n\t\t\t\t<section class=\"elementor-section elementor-top-section elementor-element elementor-element-e582c16 elementor-section-boxed elementor-section-height-default elementor-section-height-default\" data-id=\"e582c16\" data-element_type=\"section\">\n\t\t\t\t\t\t<div class=\"elementor-container elementor-column-gap-default\">\n\t\t\t\t\t<div class=\"elementor-column elementor-col-50 elementor-top-column elementor-element elementor-element-1079d66\" data-id=\"1079d66\" data-element_type=\"column\">\n\t\t\t<div class=\"elementor-widget-wrap elementor-element-populated\">\n\t\t\t\t\t\t\t\t<div class=\"elementor-element elementor-element-9fe8df4 animated-slow elementor-invisible elementor-widget elementor-widget-image\" data-id=\"9fe8df4\" data-element_type=\"widget\" data-settings=\"{&quot;_animation&quot;:&quot;fadeInUp&quot;}\" data-widget_type=\"image.default\">\n\t\t\t\t<div class=\"elementor-widget-container\">\n\t\t\t\t\t\t\t\t\t\t\t\t\t\t\t<img decoding=\"async\" src=\"https:\/\/westml-innovation.com\/wp-content\/uploads\/elementor\/thumbs\/2-2-r1y1ix3j9dn39nr3dfb2a2z4m5nohydsjcpo3000w6.png\" title=\"2 2\" alt=\"2 2\" loading=\"lazy\" \/>\t\t\t\t\t\t\t\t\t\t\t\t\t\t\t<\/div>\n\t\t\t\t<\/div>\n\t\t\t\t\t<\/div>\n\t\t<\/div>\n\t\t\t\t<div class=\"elementor-column elementor-col-50 elementor-top-column elementor-element elementor-element-b0cb68d\" data-id=\"b0cb68d\" data-element_type=\"column\">\n\t\t\t<div class=\"elementor-widget-wrap elementor-element-populated\">\n\t\t\t\t\t\t\t\t<div class=\"elementor-element elementor-element-3ca33e1 animated-slow elementor-invisible elementor-widget elementor-widget-image\" data-id=\"3ca33e1\" data-element_type=\"widget\" data-settings=\"{&quot;_animation&quot;:&quot;fadeInUp&quot;}\" data-widget_type=\"image.default\">\n\t\t\t\t<div class=\"elementor-widget-container\">\n\t\t\t\t\t\t\t\t\t\t\t\t\t\t\t<img loading=\"lazy\" decoding=\"async\" width=\"800\" height=\"530\" src=\"https:\/\/westml-innovation.com\/wp-content\/uploads\/2024\/10\/7-2-1024x678.png\" class=\"attachment-large size-large wp-image-2367\" alt=\"\" srcset=\"https:\/\/westml-innovation.com\/wp-content\/uploads\/2024\/10\/7-2-1024x678.png 1024w, https:\/\/westml-innovation.com\/wp-content\/uploads\/2024\/10\/7-2-300x199.png 300w, https:\/\/westml-innovation.com\/wp-content\/uploads\/2024\/10\/7-2-768x508.png 768w, https:\/\/westml-innovation.com\/wp-content\/uploads\/2024\/10\/7-2-1536x1017.png 1536w, https:\/\/westml-innovation.com\/wp-content\/uploads\/2024\/10\/7-2-2048x1356.png 2048w\" sizes=\"auto, (max-width: 800px) 100vw, 800px\" \/>\t\t\t\t\t\t\t\t\t\t\t\t\t\t\t<\/div>\n\t\t\t\t<\/div>\n\t\t\t\t\t<\/div>\n\t\t<\/div>\n\t\t\t\t\t\t\t<\/div>\n\t\t<\/section>\n\t\t\t\t\t\t\t<\/div>","protected":false},"excerpt":{"rendered":"<p>Nous vous accompagnons dans vos investissements en mat\u00e9riels et dispositifs de soins tout en vous apportant les meilleures solutions possibles en mati\u00e8re d&#8217;\u00e9quipements m\u00e9dicaux.<\/p>","protected":false},"author":2,"featured_media":1485,"parent":0,"menu_order":0,"comment_status":"closed","ping_status":"closed","template":"template-fullwidth-stretched.php","meta":{"footnotes":""},"class_list":["post-1420","page","type-page","status-publish","has-post-thumbnail","hentry"],"_links":{"self":[{"href":"https:\/\/westml-innovation.com\/en\/wp-json\/wp\/v2\/pages\/1420","targetHints":{"allow":["GET"]}}],"collection":[{"href":"https:\/\/westml-innovation.com\/en\/wp-json\/wp\/v2\/pages"}],"about":[{"href":"https:\/\/westml-innovation.com\/en\/wp-json\/wp\/v2\/types\/page"}],"author":[{"embeddable":true,"href":"https:\/\/westml-innovation.com\/en\/wp-json\/wp\/v2\/users\/2"}],"replies":[{"embeddable":true,"href":"https:\/\/westml-innovation.com\/en\/wp-json\/wp\/v2\/comments?post=1420"}],"version-history":[{"count":107,"href":"https:\/\/westml-innovation.com\/en\/wp-json\/wp\/v2\/pages\/1420\/revisions"}],"predecessor-version":[{"id":4522,"href":"https:\/\/westml-innovation.com\/en\/wp-json\/wp\/v2\/pages\/1420\/revisions\/4522"}],"wp:featuredmedia":[{"embeddable":true,"href":"https:\/\/westml-innovation.com\/en\/wp-json\/wp\/v2\/media\/1485"}],"wp:attachment":[{"href":"https:\/\/westml-innovation.com\/en\/wp-json\/wp\/v2\/media?parent=1420"}],"curies":[{"name":"wp","href":"https:\/\/api.w.org\/{rel}","templated":true}]}}