{"id":1818,"date":"2023-04-02T12:26:07","date_gmt":"2023-04-02T10:26:07","guid":{"rendered":"https:\/\/westml-innovation.com?page_id=1818"},"modified":"2025-08-05T07:29:36","modified_gmt":"2025-08-05T05:29:36","slug":"politique-de-confidentialite-2","status":"publish","type":"page","link":"https:\/\/westml-innovation.com\/en\/politique-de-confidentialite-2\/","title":{"rendered":"PRIVACY POLICY"},"content":{"rendered":"<div data-elementor-type=\"wp-page\" data-elementor-id=\"1818\" class=\"elementor elementor-1818\">\n\t\t\t\t\t\t\t\t\t<section class=\"elementor-section elementor-top-section elementor-element elementor-element-7c02b31 elementor-section-boxed elementor-section-height-default elementor-section-height-default\" data-id=\"7c02b31\" data-element_type=\"section\">\n\t\t\t\t\t\t<div class=\"elementor-container elementor-column-gap-default\">\n\t\t\t\t\t<div class=\"elementor-column elementor-col-100 elementor-top-column elementor-element elementor-element-84468c3\" data-id=\"84468c3\" data-element_type=\"column\">\n\t\t\t<div class=\"elementor-widget-wrap elementor-element-populated\">\n\t\t\t\t\t\t\t\t<div class=\"elementor-element elementor-element-09b8689 elementor-widget elementor-widget-spacer\" data-id=\"09b8689\" data-element_type=\"widget\" data-widget_type=\"spacer.default\">\n\t\t\t\t<div class=\"elementor-widget-container\">\n\t\t\t<style>\/*! elementor - v3.12.0 - 29-03-2023 *\/\n.elementor-column .elementor-spacer-inner{height:var(--spacer-size)}.e-con{--container-widget-width:100%}.e-con-inner>.elementor-widget-spacer,.e-con>.elementor-widget-spacer{width:var(--container-widget-width,var(--spacer-size));--align-self:var(--container-widget-align-self,initial);--flex-shrink:0}.e-con-inner>.elementor-widget-spacer>.elementor-widget-container,.e-con-inner>.elementor-widget-spacer>.elementor-widget-container>.elementor-spacer,.e-con>.elementor-widget-spacer>.elementor-widget-container,.e-con>.elementor-widget-spacer>.elementor-widget-container>.elementor-spacer{height:100%}.e-con-inner>.elementor-widget-spacer>.elementor-widget-container>.elementor-spacer>.elementor-spacer-inner,.e-con>.elementor-widget-spacer>.elementor-widget-container>.elementor-spacer>.elementor-spacer-inner{height:var(--container-widget-height,var(--spacer-size))}<\/style>\t\t<div class=\"elementor-spacer\">\n\t\t\t<div class=\"elementor-spacer-inner\"><\/div>\n\t\t<\/div>\n\t\t\t\t<\/div>\n\t\t\t\t<\/div>\n\t\t\t\t<div class=\"elementor-element elementor-element-77f3782 elementor-invisible elementor-widget elementor-widget-text-editor\" data-id=\"77f3782\" data-element_type=\"widget\" data-settings=\"{&quot;_animation&quot;:&quot;fadeInUp&quot;}\" data-widget_type=\"text-editor.default\">\n\t\t\t\t<div class=\"elementor-widget-container\">\n\t\t\t<style>\/*! elementor - v3.12.0 - 29-03-2023 *\/\n.elementor-widget-text-editor.elementor-drop-cap-view-stacked .elementor-drop-cap{background-color:#69727d;color:#fff}.elementor-widget-text-editor.elementor-drop-cap-view-framed .elementor-drop-cap{color:#69727d;border:3px solid;background-color:transparent}.elementor-widget-text-editor:not(.elementor-drop-cap-view-default) .elementor-drop-cap{margin-top:8px}.elementor-widget-text-editor:not(.elementor-drop-cap-view-default) .elementor-drop-cap-letter{width:1em;height:1em}.elementor-widget-text-editor .elementor-drop-cap{float:left;text-align:center;line-height:1;font-size:50px}.elementor-widget-text-editor .elementor-drop-cap-letter{display:inline-block}<\/style>\t\t\t\t<p><img loading=\"lazy\" decoding=\"async\" class=\"alignnone size-full wp-image-3640\" src=\"https:\/\/westml-innovation.com\/wp-content\/uploads\/2025\/08\/35-scaled.jpg\" alt=\"\" width=\"2560\" height=\"1440\" srcset=\"https:\/\/westml-innovation.com\/wp-content\/uploads\/2025\/08\/35-scaled.jpg 2560w, https:\/\/westml-innovation.com\/wp-content\/uploads\/2025\/08\/35-300x169.jpg 300w, https:\/\/westml-innovation.com\/wp-content\/uploads\/2025\/08\/35-1024x576.jpg 1024w, https:\/\/westml-innovation.com\/wp-content\/uploads\/2025\/08\/35-768x432.jpg 768w, https:\/\/westml-innovation.com\/wp-content\/uploads\/2025\/08\/35-1536x864.jpg 1536w, https:\/\/westml-innovation.com\/wp-content\/uploads\/2025\/08\/35-2048x1152.jpg 2048w, https:\/\/westml-innovation.com\/wp-content\/uploads\/2025\/08\/35-18x10.jpg 18w\" sizes=\"auto, (max-width: 2560px) 100vw, 2560px\" \/><\/p><p style=\"text-align: center;\"><span style=\"color: #000080;\"><b><strong>WEST-ML PRIVACY STATEMENT<\/strong><\/b><\/span><\/p><p style=\"text-align: center;\"><span style=\"font-family: 'Source Sans Pro', sans-serif; color: #000000;\">Our privacy policy describes our privacy practices. It applies solely to information collected by our website.<\/span><\/p><h4 style=\"text-align: center;\">\u00a0<\/h4><h4 style=\"font-weight: 600; text-align: center;\"><span style=\"color: #000000;\">Information collection and use<\/span><\/h4><p style=\"line-height: 150%; text-align: center;\"><span style=\"font-family: 'Source Sans Pro', sans-serif; color: #000000;\">We may collect the information you voluntarily provide when:<\/span><\/p><p style=\"line-height: 150%; text-align: center;\"><span style=\"font-family: 'Source Sans Pro', sans-serif; color: #000000;\">- You are requesting information about our services ;<\/span><\/p><p style=\"line-height: 150%; text-align: center;\"><span style=\"font-family: 'Source Sans Pro', sans-serif; color: #000000;\">- Send us your questions ;<\/span><\/p><p style=\"line-height: 150%; text-align: center;\"><span style=\"font-family: 'Source Sans Pro', sans-serif; color: #000000;\">- You subscribe to our services; and<\/span><\/p><p style=\"line-height: 150%; text-align: center;\"><span style=\"font-family: 'Source Sans Pro', sans-serif; color: #000000;\">- You are submitting your resume in response to a job posting on our website.<\/span><\/p><p style=\"line-height: 150%; text-align: center;\"><span style=\"font-family: 'Source Sans Pro', sans-serif; color: #000000;\">Information provided to WEST-ML Innovation may be used to communicate with you in order to respond to your inquiries, to follow up on your subscriptions or to evaluate your application for employment purposes. This data will be kept for the period established according to the purpose for which it was collected.<\/span><\/p><h4>\u00a0<\/h4><h4 style=\"font-weight: 600; text-align: center;\"><span style=\"color: #000000;\"><b><strong>Information access and control<\/strong><\/b><\/span><\/h4><p style=\"line-height: 150%; text-align: center;\"><span style=\"font-family: 'Source Sans Pro', sans-serif; color: #000000;\">You may at any time choose not to be contacted by us. You can do this at any time by contacting us at the e-mail address or telephone number indicated on our website.<\/span><\/p><h4>\u00a0<\/h4><h4 style=\"font-weight: 600; text-align: center;\"><span style=\"color: #000000;\"><b><strong>Use of cookies<\/strong><\/b><\/span><\/h4><p style=\"line-height: 150%; text-align: center;\"><span style=\"font-family: 'Source Sans Pro', sans-serif; color: #000000;\">We may collect information through the use of cookies when you visit our Web site. Cookies are identifiers transferred to your computer's hard drive through your Web browser to enable our systems to recognize your computer. We may also<\/span><\/p><p style=\"line-height: 150%; text-align: center;\"><span style=\"font-family: 'Source Sans Pro', sans-serif; color: #000000;\">This data may be used to analyze trends, administer the site, monitor visitor navigation and gather demographic information. The data collected by these cookies is aggregated and remains anonymous.<\/span><\/p><h4>\u00a0<\/h4><h4 style=\"font-weight: 600; text-align: center;\"><span style=\"color: #000000;\"><b><strong>Data protection and security<\/strong><\/b><\/span><\/h4><p style=\"line-height: 150%; text-align: center;\"><span style=\"font-family: 'Source Sans Pro', sans-serif; color: #000000;\">We are committed to ensuring that our web site is diligently protected against unauthorized access to voluntarily submitted confidential data and against any unauthorized use or disclosure of such data.<\/span><\/p><h4>\u00a0<\/h4><h4 style=\"font-weight: 600; text-align: center;\"><span style=\"color: #000000;\"><b><strong>Disclaimer<\/strong><\/b><\/span><\/h4><p style=\"line-height: 150%; text-align: center;\"><span style=\"font-family: 'Source Sans Pro', sans-serif; color: #000000;\">We take great care to ensure that the information published on our site is as accurate and up-to-date as possible. However, the site may contain errors. We cannot be held liable for any such errors, nor can we guarantee the integrity, durability or non-infringement of the web content. The user therefore chooses to use this information at his or her own risk.<\/span><\/p><h4>\u00a0<\/h4><h4 style=\"font-weight: 600; text-align: center;\"><span style=\"color: #000000;\"><b><strong>Changes<\/strong><\/b><\/span><\/h4><p style=\"line-height: 150%; text-align: center;\"><span style=\"font-family: 'Source Sans Pro', sans-serif; color: #000000;\">We reserve the right to change this Policy at any time without notice.<\/span><\/p>\t\t\t\t\t\t<\/div>\n\t\t\t\t<\/div>\n\t\t\t\t\t<\/div>\n\t\t<\/div>\n\t\t\t\t\t\t\t<\/div>\n\t\t<\/section>\n\t\t\t\t\t\t\t<\/div>","protected":false},"excerpt":{"rendered":"<p>D\u00c9CLARATION WEST-ML DE CONFIDENTIALIT\u00c9 Notre politique de confidentialit\u00e9 d\u00e9crit nos pratiques en mati\u00e8re de confidentialit\u00e9.\u00a0Elle s&#8217;applique uniquement aux informations collect\u00e9es par notre site web. \u00a0 Collecte et utilisation des informations &#8230;<\/p>","protected":false},"author":1,"featured_media":0,"parent":0,"menu_order":0,"comment_status":"closed","ping_status":"closed","template":"template-fullwidth-stretched.php","meta":{"footnotes":""},"class_list":["post-1818","page","type-page","status-publish","hentry"],"_links":{"self":[{"href":"https:\/\/westml-innovation.com\/en\/wp-json\/wp\/v2\/pages\/1818","targetHints":{"allow":["GET"]}}],"collection":[{"href":"https:\/\/westml-innovation.com\/en\/wp-json\/wp\/v2\/pages"}],"about":[{"href":"https:\/\/westml-innovation.com\/en\/wp-json\/wp\/v2\/types\/page"}],"author":[{"embeddable":true,"href":"https:\/\/westml-innovation.com\/en\/wp-json\/wp\/v2\/users\/1"}],"replies":[{"embeddable":true,"href":"https:\/\/westml-innovation.com\/en\/wp-json\/wp\/v2\/comments?post=1818"}],"version-history":[{"count":107,"href":"https:\/\/westml-innovation.com\/en\/wp-json\/wp\/v2\/pages\/1818\/revisions"}],"predecessor-version":[{"id":3764,"href":"https:\/\/westml-innovation.com\/en\/wp-json\/wp\/v2\/pages\/1818\/revisions\/3764"}],"wp:attachment":[{"href":"https:\/\/westml-innovation.com\/en\/wp-json\/wp\/v2\/media?parent=1818"}],"curies":[{"name":"wp","href":"https:\/\/api.w.org\/{rel}","templated":true}]}}