{"id":1834,"date":"2023-04-02T13:02:37","date_gmt":"2023-04-02T11:02:37","guid":{"rendered":"https:\/\/westml-innovation.com?page_id=1834"},"modified":"2025-08-05T07:27:29","modified_gmt":"2025-08-05T05:27:29","slug":"politique-sur-laccessibilite-edi","status":"publish","type":"page","link":"https:\/\/westml-innovation.com\/en\/politique-sur-laccessibilite-edi\/","title":{"rendered":"ACCESSIBILITY POLICY"},"content":{"rendered":"<div data-elementor-type=\"wp-page\" data-elementor-id=\"1834\" class=\"elementor elementor-1834\">\n\t\t\t\t\t\t\t\t\t<section class=\"elementor-section elementor-top-section elementor-element elementor-element-1e85b61 elementor-section-boxed elementor-section-height-default elementor-section-height-default\" data-id=\"1e85b61\" data-element_type=\"section\">\n\t\t\t\t\t\t<div class=\"elementor-container elementor-column-gap-default\">\n\t\t\t\t\t<div class=\"elementor-column elementor-col-100 elementor-top-column elementor-element elementor-element-bb3ff91\" data-id=\"bb3ff91\" data-element_type=\"column\">\n\t\t\t<div class=\"elementor-widget-wrap elementor-element-populated\">\n\t\t\t\t\t\t\t\t<div class=\"elementor-element elementor-element-f73e442 elementor-widget elementor-widget-spacer\" data-id=\"f73e442\" data-element_type=\"widget\" data-widget_type=\"spacer.default\">\n\t\t\t\t<div class=\"elementor-widget-container\">\n\t\t\t<style>\/*! elementor - v3.12.0 - 29-03-2023 *\/\n.elementor-column .elementor-spacer-inner{height:var(--spacer-size)}.e-con{--container-widget-width:100%}.e-con-inner>.elementor-widget-spacer,.e-con>.elementor-widget-spacer{width:var(--container-widget-width,var(--spacer-size));--align-self:var(--container-widget-align-self,initial);--flex-shrink:0}.e-con-inner>.elementor-widget-spacer>.elementor-widget-container,.e-con-inner>.elementor-widget-spacer>.elementor-widget-container>.elementor-spacer,.e-con>.elementor-widget-spacer>.elementor-widget-container,.e-con>.elementor-widget-spacer>.elementor-widget-container>.elementor-spacer{height:100%}.e-con-inner>.elementor-widget-spacer>.elementor-widget-container>.elementor-spacer>.elementor-spacer-inner,.e-con>.elementor-widget-spacer>.elementor-widget-container>.elementor-spacer>.elementor-spacer-inner{height:var(--container-widget-height,var(--spacer-size))}<\/style>\t\t<div class=\"elementor-spacer\">\n\t\t\t<div class=\"elementor-spacer-inner\"><\/div>\n\t\t<\/div>\n\t\t\t\t<\/div>\n\t\t\t\t<\/div>\n\t\t\t\t<div class=\"elementor-element elementor-element-1c2cf06 elementor-invisible elementor-widget elementor-widget-text-editor\" data-id=\"1c2cf06\" data-element_type=\"widget\" data-settings=\"{&quot;_animation&quot;:&quot;fadeInUp&quot;}\" data-widget_type=\"text-editor.default\">\n\t\t\t\t<div class=\"elementor-widget-container\">\n\t\t\t<style>\/*! elementor - v3.12.0 - 29-03-2023 *\/\n.elementor-widget-text-editor.elementor-drop-cap-view-stacked .elementor-drop-cap{background-color:#69727d;color:#fff}.elementor-widget-text-editor.elementor-drop-cap-view-framed .elementor-drop-cap{color:#69727d;border:3px solid;background-color:transparent}.elementor-widget-text-editor:not(.elementor-drop-cap-view-default) .elementor-drop-cap{margin-top:8px}.elementor-widget-text-editor:not(.elementor-drop-cap-view-default) .elementor-drop-cap-letter{width:1em;height:1em}.elementor-widget-text-editor .elementor-drop-cap{float:left;text-align:center;line-height:1;font-size:50px}.elementor-widget-text-editor .elementor-drop-cap-letter{display:inline-block}<\/style>\t\t\t\t<p style=\"line-height: 150%;\"><strong><span style=\"font-size: 16.5pt; font-family: 'Source Sans Pro', sans-serif; color: #200a58; text-transform: uppercase;\"><img loading=\"lazy\" decoding=\"async\" class=\"alignnone size-full wp-image-3639\" src=\"https:\/\/westml-innovation.com\/wp-content\/uploads\/2025\/08\/36-scaled.jpg\" alt=\"\" width=\"2560\" height=\"1440\" srcset=\"https:\/\/westml-innovation.com\/wp-content\/uploads\/2025\/08\/36-scaled.jpg 2560w, https:\/\/westml-innovation.com\/wp-content\/uploads\/2025\/08\/36-300x169.jpg 300w, https:\/\/westml-innovation.com\/wp-content\/uploads\/2025\/08\/36-1024x576.jpg 1024w, https:\/\/westml-innovation.com\/wp-content\/uploads\/2025\/08\/36-768x432.jpg 768w, https:\/\/westml-innovation.com\/wp-content\/uploads\/2025\/08\/36-1536x864.jpg 1536w, https:\/\/westml-innovation.com\/wp-content\/uploads\/2025\/08\/36-2048x1152.jpg 2048w, https:\/\/westml-innovation.com\/wp-content\/uploads\/2025\/08\/36-18x10.jpg 18w\" sizes=\"auto, (max-width: 2560px) 100vw, 2560px\" \/><\/span><\/strong><\/p><p style=\"line-height: 150%; text-align: center;\"><strong><span style=\"font-size: 16.5pt; font-family: 'Source Sans Pro', sans-serif; color: #200a58; text-transform: uppercase;\">Statement<\/span><\/strong><strong style=\"color: #333333; font-family: Raleway, Helvetica, Arial, sans-serif; font-size: 2rem;\"><span style=\"font-size: 16.5pt; font-family: 'Source Sans Pro', sans-serif; color: #200a58; text-transform: uppercase;\"> on Accessibility, Diversity and Inclusion<\/span><\/strong><\/p><p style=\"line-height: 150%; text-align: center;\"><span style=\"font-family: 'Source Sans Pro', sans-serif; color: #000000;\">WEST-ML Innovation puts all its energy into creating an inclusive framework for the fulfillment of every individual, whatever their origin or gender. It's clear that diversity brings a wide range of perspectives and experiences to the professional world, and creates a positive environment in which we can thrive and innovate.<\/span><\/p><p style=\"line-height: 150%; text-align: center;\"><span style=\"color: #000000;\"><span style=\"font-family: 'Source Sans Pro', sans-serif;\">WEST-ML is committed to increasing diversity, equity and inclusion in its various fields of intervention. We are also committed to making a significant contribution to the professional integration of people in developing countries, particularly in West Africa.\u00a0<\/span><span style=\"font-family: 'Source Sans Pro', sans-serif;\">In addition, WEST-ML Innovation can count on its partners to boost its policy of diversity, inclusion and professional accessibility.<\/span><\/span><\/p><p style=\"margin-bottom: 12pt; line-height: 150%; text-align: center;\"><span style=\"color: #000000;\"><span style=\"font-family: 'Source Sans Pro',sans-serif; mso-ansi-language: FR;\">In terms of accessibility, our goal is to ensure that we provide a better user experience in our web content. While we cannot meet the needs of every user, we do ensure that we bring professional credibility to the information we deliver.<\/span><span style=\"font-family: 'Source Sans Pro', sans-serif;\">We regularly measure the accessibility of our website using a variety of methods, including browser plug-ins, automated analysis and manual testing by our qualified staff. This enables us to maintain high standards of accessibility in the face of rule changes and technological evolution.<\/span><\/span><\/p><p style=\"line-height: 150%; text-align: center;\"><span style=\"font-family: 'Source Sans Pro', sans-serif; color: #000000;\">Finally, <b>Respect<\/b> is an integral part of WEST-ML's core values.\u00a0<\/span><\/p><p style=\"line-height: 150%; text-align: center;\"><span style=\"font-family: 'Source Sans Pro', sans-serif; color: #000000;\">As an innovative company, we recognize the richness that diversity brings, and we make it and inclusion an integral part of our corporate culture.<\/span><\/p>\t\t\t\t\t\t<\/div>\n\t\t\t\t<\/div>\n\t\t\t\t\t<\/div>\n\t\t<\/div>\n\t\t\t\t\t\t\t<\/div>\n\t\t<\/section>\n\t\t\t\t\t\t\t<\/div>","protected":false},"excerpt":{"rendered":"<p>\u00c9nonc\u00e9 sur l\u2019accessibilit\u00e9, la diversit\u00e9 et l\u2019inclusion WEST-ML\u00a0dispose toute son \u00e9nergie \u00e0 la r\u00e9alisation d\u2019un cadre inclusif pour l\u2019\u00e9panouissement de chaque individu, peu importe son origine ou son genre. Il &#8230;<\/p>","protected":false},"author":1,"featured_media":0,"parent":0,"menu_order":0,"comment_status":"closed","ping_status":"closed","template":"template-fullwidth-stretched.php","meta":{"footnotes":""},"class_list":["post-1834","page","type-page","status-publish","hentry"],"_links":{"self":[{"href":"https:\/\/westml-innovation.com\/en\/wp-json\/wp\/v2\/pages\/1834","targetHints":{"allow":["GET"]}}],"collection":[{"href":"https:\/\/westml-innovation.com\/en\/wp-json\/wp\/v2\/pages"}],"about":[{"href":"https:\/\/westml-innovation.com\/en\/wp-json\/wp\/v2\/types\/page"}],"author":[{"embeddable":true,"href":"https:\/\/westml-innovation.com\/en\/wp-json\/wp\/v2\/users\/1"}],"replies":[{"embeddable":true,"href":"https:\/\/westml-innovation.com\/en\/wp-json\/wp\/v2\/comments?post=1834"}],"version-history":[{"count":65,"href":"https:\/\/westml-innovation.com\/en\/wp-json\/wp\/v2\/pages\/1834\/revisions"}],"predecessor-version":[{"id":3761,"href":"https:\/\/westml-innovation.com\/en\/wp-json\/wp\/v2\/pages\/1834\/revisions\/3761"}],"wp:attachment":[{"href":"https:\/\/westml-innovation.com\/en\/wp-json\/wp\/v2\/media?parent=1834"}],"curies":[{"name":"wp","href":"https:\/\/api.w.org\/{rel}","templated":true}]}}