{"id":26,"date":"2016-02-12T08:13:33","date_gmt":"2016-02-12T08:13:33","guid":{"rendered":"http:\/\/demos.famethemes.com\/onepress\/?page_id=26"},"modified":"2025-08-07T20:49:33","modified_gmt":"2025-08-07T18:49:33","slug":"service-title-4","status":"publish","type":"page","link":"https:\/\/westml-innovation.com\/en\/service-title-4\/","title":{"rendered":"IMMIGRATION"},"content":{"rendered":"<div data-elementor-type=\"wp-page\" data-elementor-id=\"26\" class=\"elementor elementor-26\">\n\t\t\t\t\t\t\t\t\t<section class=\"elementor-section elementor-top-section elementor-element elementor-element-7814df8 elementor-section-boxed elementor-section-height-default elementor-section-height-default\" data-id=\"7814df8\" data-element_type=\"section\" data-settings=\"{&quot;background_background&quot;:&quot;classic&quot;,&quot;animation&quot;:&quot;none&quot;}\">\n\t\t\t\t\t\t\t<div class=\"elementor-background-overlay\"><\/div>\n\t\t\t\t\t\t\t<div class=\"elementor-container elementor-column-gap-default\">\n\t\t\t\t\t<div class=\"elementor-column elementor-col-50 elementor-top-column elementor-element elementor-element-e0f5dd2\" data-id=\"e0f5dd2\" data-element_type=\"column\">\n\t\t\t<div class=\"elementor-widget-wrap elementor-element-populated\">\n\t\t\t\t\t\t\t\t<div class=\"elementor-element elementor-element-5e1ce209 animated-slow elementor-invisible elementor-widget elementor-widget-text-editor\" data-id=\"5e1ce209\" data-element_type=\"widget\" data-settings=\"{&quot;_animation&quot;:&quot;fadeInLeft&quot;}\" data-widget_type=\"text-editor.default\">\n\t\t\t\t<div class=\"elementor-widget-container\">\n\t\t\t<style>\/*! elementor - v3.12.0 - 29-03-2023 *\/\n.elementor-widget-text-editor.elementor-drop-cap-view-stacked .elementor-drop-cap{background-color:#69727d;color:#fff}.elementor-widget-text-editor.elementor-drop-cap-view-framed .elementor-drop-cap{color:#69727d;border:3px solid;background-color:transparent}.elementor-widget-text-editor:not(.elementor-drop-cap-view-default) .elementor-drop-cap{margin-top:8px}.elementor-widget-text-editor:not(.elementor-drop-cap-view-default) .elementor-drop-cap-letter{width:1em;height:1em}.elementor-widget-text-editor .elementor-drop-cap{float:left;text-align:center;line-height:1;font-size:50px}.elementor-widget-text-editor .elementor-drop-cap-letter{display:inline-block}<\/style>\t\t\t\t<p style=\"text-align: left;\"><strong><span style=\"color: #000080;\">We offer qualified assistance for your application procedures.<\/span><\/strong><\/p><ul><li>Follow-up to obtain study permit\u00a0<\/li><li>Follow-up to obtain a work permit\u00a0<\/li><li>Follow-up for the permanent Canadian residency application<\/li><\/ul><div>\u00a0<\/div><p>With the support of our Burkinabe and Canadian partners, your departure will be handled smoothly and efficiently.<\/p><p><!-- \/wp:list-item --><\/p><p><!-- \/wp:list --><\/p>\t\t\t\t\t\t<\/div>\n\t\t\t\t<\/div>\n\t\t\t\t\t<\/div>\n\t\t<\/div>\n\t\t\t\t<div class=\"elementor-column elementor-col-50 elementor-top-column elementor-element elementor-element-e65b2b8\" data-id=\"e65b2b8\" data-element_type=\"column\">\n\t\t\t<div class=\"elementor-widget-wrap elementor-element-populated\">\n\t\t\t\t\t\t\t\t<div class=\"elementor-element elementor-element-f66defa animated-slow elementor-invisible elementor-widget elementor-widget-image\" data-id=\"f66defa\" data-element_type=\"widget\" data-settings=\"{&quot;_animation&quot;:&quot;fadeInRight&quot;}\" data-widget_type=\"image.default\">\n\t\t\t\t<div class=\"elementor-widget-container\">\n\t\t\t<style>\/*! elementor - v3.12.0 - 29-03-2023 *\/\n.elementor-widget-image{text-align:center}.elementor-widget-image a{display:inline-block}.elementor-widget-image a img[src$=\".svg\"]{width:48px}.elementor-widget-image img{vertical-align:middle;display:inline-block}<\/style>\t\t\t\t\t\t\t\t\t\t\t\t<img loading=\"lazy\" decoding=\"async\" width=\"800\" height=\"600\" src=\"https:\/\/westml-innovation.com\/wp-content\/uploads\/2023\/04\/800x600_Quebec-and-Canadian-Flags_10555255.jpg\" class=\"attachment-large size-large wp-image-1724\" alt=\"\" srcset=\"https:\/\/westml-innovation.com\/wp-content\/uploads\/2023\/04\/800x600_Quebec-and-Canadian-Flags_10555255.jpg 800w, https:\/\/westml-innovation.com\/wp-content\/uploads\/2023\/04\/800x600_Quebec-and-Canadian-Flags_10555255-300x225.jpg 300w, https:\/\/westml-innovation.com\/wp-content\/uploads\/2023\/04\/800x600_Quebec-and-Canadian-Flags_10555255-768x576.jpg 768w\" sizes=\"auto, (max-width: 800px) 100vw, 800px\" \/>\t\t\t\t\t\t\t\t\t\t\t\t\t\t\t<\/div>\n\t\t\t\t<\/div>\n\t\t\t\t\t<\/div>\n\t\t<\/div>\n\t\t\t\t\t\t\t<\/div>\n\t\t<\/section>\n\t\t\t\t<section class=\"elementor-section elementor-top-section elementor-element elementor-element-b45660f elementor-section-boxed elementor-section-height-default elementor-section-height-default\" data-id=\"b45660f\" data-element_type=\"section\">\n\t\t\t\t\t\t<div class=\"elementor-container elementor-column-gap-default\">\n\t\t\t\t\t<div class=\"elementor-column elementor-col-50 elementor-top-column elementor-element elementor-element-86abf4c\" data-id=\"86abf4c\" data-element_type=\"column\">\n\t\t\t<div class=\"elementor-widget-wrap elementor-element-populated\">\n\t\t\t\t\t\t\t\t<div class=\"elementor-element elementor-element-f62a839 animated-slow elementor-invisible elementor-widget elementor-widget-image\" data-id=\"f62a839\" data-element_type=\"widget\" data-settings=\"{&quot;_animation&quot;:&quot;fadeInUp&quot;}\" data-widget_type=\"image.default\">\n\t\t\t\t<div class=\"elementor-widget-container\">\n\t\t\t\t\t\t\t\t\t\t\t\t\t\t\t<img loading=\"lazy\" decoding=\"async\" width=\"726\" height=\"481\" src=\"https:\/\/westml-innovation.com\/wp-content\/uploads\/2024\/10\/RP-IRRC.jpeg\" class=\"attachment-large size-large wp-image-2219\" alt=\"\" srcset=\"https:\/\/westml-innovation.com\/wp-content\/uploads\/2024\/10\/RP-IRRC.jpeg 726w, https:\/\/westml-innovation.com\/wp-content\/uploads\/2024\/10\/RP-IRRC-300x199.jpeg 300w\" sizes=\"auto, (max-width: 726px) 100vw, 726px\" \/>\t\t\t\t\t\t\t\t\t\t\t\t\t\t\t<\/div>\n\t\t\t\t<\/div>\n\t\t\t\t\t<\/div>\n\t\t<\/div>\n\t\t\t\t<div class=\"elementor-column elementor-col-50 elementor-top-column elementor-element elementor-element-240e2cf\" data-id=\"240e2cf\" data-element_type=\"column\">\n\t\t\t<div class=\"elementor-widget-wrap elementor-element-populated\">\n\t\t\t\t\t\t\t\t<div class=\"elementor-element elementor-element-0eb1664 animated-slow elementor-invisible elementor-widget elementor-widget-image\" data-id=\"0eb1664\" data-element_type=\"widget\" data-settings=\"{&quot;_animation&quot;:&quot;fadeInRight&quot;}\" data-widget_type=\"image.default\">\n\t\t\t\t<div class=\"elementor-widget-container\">\n\t\t\t\t\t\t\t\t\t\t\t\t\t\t\t<img loading=\"lazy\" decoding=\"async\" width=\"800\" height=\"450\" src=\"https:\/\/westml-innovation.com\/wp-content\/uploads\/2024\/10\/Design-sans-titre-17-1024x576.png\" class=\"attachment-large size-large wp-image-2192\" alt=\"\" srcset=\"https:\/\/westml-innovation.com\/wp-content\/uploads\/2024\/10\/Design-sans-titre-17-1024x576.png 1024w, https:\/\/westml-innovation.com\/wp-content\/uploads\/2024\/10\/Design-sans-titre-17-300x169.png 300w, https:\/\/westml-innovation.com\/wp-content\/uploads\/2024\/10\/Design-sans-titre-17-768x432.png 768w, https:\/\/westml-innovation.com\/wp-content\/uploads\/2024\/10\/Design-sans-titre-17-1536x864.png 1536w, https:\/\/westml-innovation.com\/wp-content\/uploads\/2024\/10\/Design-sans-titre-17-2048x1152.png 2048w\" sizes=\"auto, (max-width: 800px) 100vw, 800px\" \/>\t\t\t\t\t\t\t\t\t\t\t\t\t\t\t<\/div>\n\t\t\t\t<\/div>\n\t\t\t\t\t<\/div>\n\t\t<\/div>\n\t\t\t\t\t\t\t<\/div>\n\t\t<\/section>\n\t\t\t\t\t\t\t<\/div>","protected":false},"excerpt":{"rendered":"<p>Nous vous offrons les meilleures options pour pr\u00e9parer vos d\u00e9marches \u00e0 l&#8217;\u00e9tranger (Canada et Maroc). <\/p>","protected":false},"author":2,"featured_media":0,"parent":0,"menu_order":0,"comment_status":"closed","ping_status":"closed","template":"template-fullwidth-stretched.php","meta":{"footnotes":""},"class_list":["post-26","page","type-page","status-publish","hentry"],"_links":{"self":[{"href":"https:\/\/westml-innovation.com\/en\/wp-json\/wp\/v2\/pages\/26","targetHints":{"allow":["GET"]}}],"collection":[{"href":"https:\/\/westml-innovation.com\/en\/wp-json\/wp\/v2\/pages"}],"about":[{"href":"https:\/\/westml-innovation.com\/en\/wp-json\/wp\/v2\/types\/page"}],"author":[{"embeddable":true,"href":"https:\/\/westml-innovation.com\/en\/wp-json\/wp\/v2\/users\/2"}],"replies":[{"embeddable":true,"href":"https:\/\/westml-innovation.com\/en\/wp-json\/wp\/v2\/comments?post=26"}],"version-history":[{"count":213,"href":"https:\/\/westml-innovation.com\/en\/wp-json\/wp\/v2\/pages\/26\/revisions"}],"predecessor-version":[{"id":4628,"href":"https:\/\/westml-innovation.com\/en\/wp-json\/wp\/v2\/pages\/26\/revisions\/4628"}],"wp:attachment":[{"href":"https:\/\/westml-innovation.com\/en\/wp-json\/wp\/v2\/media?parent=26"}],"curies":[{"name":"wp","href":"https:\/\/api.w.org\/{rel}","templated":true}]}}